{"id":1376,"date":"2022-04-14T19:11:29","date_gmt":"2022-04-14T17:11:29","guid":{"rendered":"https:\/\/eclipse-project.fr\/?page_id=1376"},"modified":"2023-10-17T00:07:07","modified_gmt":"2023-10-16T22:07:07","slug":"elementor-1376","status":"publish","type":"page","link":"https:\/\/eclipse-project.fr\/index.php\/elementor-1376\/","title":{"rendered":"Technique"},"content":{"rendered":"\t\t<div data-elementor-type=\"wp-page\" data-elementor-id=\"1376\" class=\"elementor elementor-1376\">\n\t\t\t\t\t\t<section class=\"elementor-section elementor-top-section elementor-element elementor-element-d584cc0 elementor-section-boxed elementor-section-height-default elementor-section-height-default\" data-id=\"d584cc0\" data-element_type=\"section\" data-e-type=\"section\">\n\t\t\t\t\t\t<div class=\"elementor-container elementor-column-gap-default\">\n\t\t\t\t\t<div class=\"elementor-column elementor-col-100 elementor-top-column elementor-element elementor-element-f2704a0\" data-id=\"f2704a0\" data-element_type=\"column\" data-e-type=\"column\">\n\t\t\t<div class=\"elementor-widget-wrap elementor-element-populated\">\n\t\t\t\t\t\t<div class=\"elementor-element elementor-element-2b35ed1 elementor-widget elementor-widget-heading\" data-id=\"2b35ed1\" data-element_type=\"widget\" data-e-type=\"widget\" data-widget_type=\"heading.default\">\n\t\t\t\t<div class=\"elementor-widget-container\">\n\t\t\t\t\t<h2 class=\"elementor-heading-title elementor-size-default\">Dossier Technique<\/h2>\t\t\t\t<\/div>\n\t\t\t\t<\/div>\n\t\t\t\t\t<\/div>\n\t\t<\/div>\n\t\t\t\t\t<\/div>\n\t\t<\/section>\n\t\t\t\t<section class=\"elementor-section elementor-top-section elementor-element elementor-element-a90e8df elementor-section-boxed elementor-section-height-default elementor-section-height-default\" data-id=\"a90e8df\" data-element_type=\"section\" data-e-type=\"section\">\n\t\t\t\t\t\t<div class=\"elementor-container elementor-column-gap-default\">\n\t\t\t\t\t<div class=\"elementor-column elementor-col-100 elementor-top-column elementor-element elementor-element-e9616b5\" data-id=\"e9616b5\" data-element_type=\"column\" data-e-type=\"column\">\n\t\t\t<div class=\"elementor-widget-wrap elementor-element-populated\">\n\t\t\t\t\t\t<div class=\"elementor-element elementor-element-21a349c elementor-widget elementor-widget-text-editor\" data-id=\"21a349c\" data-element_type=\"widget\" data-e-type=\"widget\" data-widget_type=\"text-editor.default\">\n\t\t\t\t<div class=\"elementor-widget-container\">\n\t\t\t\t\t\t\t\t\t<p style=\"text-align: center;\">Mis \u00e0 jour le 17\/10\/2023<\/p>\t\t\t\t\t\t\t\t<\/div>\n\t\t\t\t<\/div>\n\t\t\t\t\t<\/div>\n\t\t<\/div>\n\t\t\t\t\t<\/div>\n\t\t<\/section>\n\t\t\t\t<section class=\"elementor-section elementor-top-section elementor-element elementor-element-c84b8c6 elementor-section-boxed elementor-section-height-default elementor-section-height-default\" data-id=\"c84b8c6\" data-element_type=\"section\" data-e-type=\"section\">\n\t\t\t\t\t\t<div class=\"elementor-container elementor-column-gap-default\">\n\t\t\t\t\t<div class=\"elementor-column elementor-col-100 elementor-top-column elementor-element elementor-element-ebc3601\" data-id=\"ebc3601\" data-element_type=\"column\" data-e-type=\"column\">\n\t\t\t<div class=\"elementor-widget-wrap elementor-element-populated\">\n\t\t\t\t\t\t<div class=\"elementor-element elementor-element-0895cd7 elementor-widget elementor-widget-image\" data-id=\"0895cd7\" data-element_type=\"widget\" data-e-type=\"widget\" data-widget_type=\"image.default\">\n\t\t\t\t<div class=\"elementor-widget-container\">\n\t\t\t\t\t\t\t\t\t\t\t\t\t\t\t\t<a href=\"https:\/\/eclipse-project.fr\/wp-content\/uploads\/2022\/05\/Plan-de-scene-v2.1-1.png\" data-elementor-open-lightbox=\"yes\" data-e-action-hash=\"#elementor-action%3Aaction%3Dlightbox%26settings%3DeyJpZCI6MTQ0MSwidXJsIjpmYWxzZX0%3D\">\n\t\t\t\t\t\t\t<img decoding=\"async\" src=\"https:\/\/eclipse-project.fr\/wp-content\/uploads\/2022\/05\/Plan-de-scene-v2.1-1.png\" title=\"\" alt=\"\" loading=\"lazy\" \/>\t\t\t\t\t\t\t\t<\/a>\n\t\t\t\t\t\t\t\t\t\t\t\t\t\t\t<\/div>\n\t\t\t\t<\/div>\n\t\t\t\t\t<\/div>\n\t\t<\/div>\n\t\t\t\t\t<\/div>\n\t\t<\/section>\n\t\t\t\t<section class=\"elementor-section elementor-top-section elementor-element elementor-element-0a43972 elementor-section-boxed elementor-section-height-default elementor-section-height-default\" data-id=\"0a43972\" data-element_type=\"section\" data-e-type=\"section\">\n\t\t\t\t\t\t<div class=\"elementor-container elementor-column-gap-default\">\n\t\t\t\t\t<div class=\"elementor-column elementor-col-100 elementor-top-column elementor-element elementor-element-4a8daa4\" data-id=\"4a8daa4\" data-element_type=\"column\" data-e-type=\"column\">\n\t\t\t<div class=\"elementor-widget-wrap elementor-element-populated\">\n\t\t\t\t\t\t<div class=\"elementor-element elementor-element-afb13e7 elementor-widget elementor-widget-image\" data-id=\"afb13e7\" data-element_type=\"widget\" data-e-type=\"widget\" data-widget_type=\"image.default\">\n\t\t\t\t<div class=\"elementor-widget-container\">\n\t\t\t\t\t\t\t\t\t\t\t\t\t\t\t\t<a href=\"https:\/\/eclipse-project.fr\/wp-content\/uploads\/2023\/10\/References-techniques-instruments-v4-Salle-2.png\" data-elementor-open-lightbox=\"yes\" data-elementor-lightbox-title=\"R\u00e9f\u00e9rences-techniques-instruments-v4-Salle-2\" data-e-action-hash=\"#elementor-action%3Aaction%3Dlightbox%26settings%3DeyJpZCI6MjEzMCwidXJsIjoiaHR0cHM6XC9cL2VjbGlwc2UtcHJvamVjdC5mclwvd3AtY29udGVudFwvdXBsb2Fkc1wvMjAyM1wvMTBcL1JlZmVyZW5jZXMtdGVjaG5pcXVlcy1pbnN0cnVtZW50cy12NC1TYWxsZS0yLnBuZyJ9\">\n\t\t\t\t\t\t\t<img fetchpriority=\"high\" decoding=\"async\" width=\"1787\" height=\"948\" src=\"https:\/\/eclipse-project.fr\/wp-content\/uploads\/2023\/10\/References-techniques-instruments-v4-Salle-2.png\" class=\"attachment-full size-full wp-image-2130\" alt=\"\" srcset=\"https:\/\/eclipse-project.fr\/wp-content\/uploads\/2023\/10\/References-techniques-instruments-v4-Salle-2.png 1787w, https:\/\/eclipse-project.fr\/wp-content\/uploads\/2023\/10\/References-techniques-instruments-v4-Salle-2-300x159.png 300w, https:\/\/eclipse-project.fr\/wp-content\/uploads\/2023\/10\/References-techniques-instruments-v4-Salle-2-1024x543.png 1024w, https:\/\/eclipse-project.fr\/wp-content\/uploads\/2023\/10\/References-techniques-instruments-v4-Salle-2-768x407.png 768w, https:\/\/eclipse-project.fr\/wp-content\/uploads\/2023\/10\/References-techniques-instruments-v4-Salle-2-1536x815.png 1536w\" sizes=\"(max-width: 1787px) 100vw, 1787px\" \/>\t\t\t\t\t\t\t\t<\/a>\n\t\t\t\t\t\t\t\t\t\t\t\t\t\t\t<\/div>\n\t\t\t\t<\/div>\n\t\t\t\t\t<\/div>\n\t\t<\/div>\n\t\t\t\t\t<\/div>\n\t\t<\/section>\n\t\t\t\t<section class=\"elementor-section elementor-top-section elementor-element elementor-element-07b78e3 elementor-section-boxed elementor-section-height-default elementor-section-height-default\" data-id=\"07b78e3\" data-element_type=\"section\" data-e-type=\"section\">\n\t\t\t\t\t\t<div class=\"elementor-container elementor-column-gap-default\">\n\t\t\t\t\t<div class=\"elementor-column elementor-col-100 elementor-top-column elementor-element elementor-element-b6a69f8\" data-id=\"b6a69f8\" data-element_type=\"column\" data-e-type=\"column\">\n\t\t\t<div class=\"elementor-widget-wrap elementor-element-populated\">\n\t\t\t\t\t\t<div class=\"elementor-element elementor-element-13bb56b elementor-widget elementor-widget-image\" data-id=\"13bb56b\" data-element_type=\"widget\" data-e-type=\"widget\" data-widget_type=\"image.default\">\n\t\t\t\t<div class=\"elementor-widget-container\">\n\t\t\t\t\t\t\t\t\t\t\t\t\t\t\t\t<a href=\"https:\/\/eclipse-project.fr\/wp-content\/uploads\/2023\/10\/Plan-de-scene-v3.1a.png\" data-elementor-open-lightbox=\"yes\" data-elementor-lightbox-title=\"Plan de sc\u00e8ne v3.1a\" data-e-action-hash=\"#elementor-action%3Aaction%3Dlightbox%26settings%3DeyJpZCI6MjEyOCwidXJsIjoiaHR0cHM6XC9cL2VjbGlwc2UtcHJvamVjdC5mclwvd3AtY29udGVudFwvdXBsb2Fkc1wvMjAyM1wvMTBcL1BsYW4tZGUtc2NlbmUtdjMuMWEucG5nIn0%3D\">\n\t\t\t\t\t\t\t<img decoding=\"async\" width=\"1694\" height=\"1086\" src=\"https:\/\/eclipse-project.fr\/wp-content\/uploads\/2023\/10\/Plan-de-scene-v3.1a.png\" class=\"attachment-full size-full wp-image-2128\" alt=\"\" srcset=\"https:\/\/eclipse-project.fr\/wp-content\/uploads\/2023\/10\/Plan-de-scene-v3.1a.png 1694w, https:\/\/eclipse-project.fr\/wp-content\/uploads\/2023\/10\/Plan-de-scene-v3.1a-300x192.png 300w, https:\/\/eclipse-project.fr\/wp-content\/uploads\/2023\/10\/Plan-de-scene-v3.1a-1024x656.png 1024w, https:\/\/eclipse-project.fr\/wp-content\/uploads\/2023\/10\/Plan-de-scene-v3.1a-768x492.png 768w, https:\/\/eclipse-project.fr\/wp-content\/uploads\/2023\/10\/Plan-de-scene-v3.1a-1536x985.png 1536w\" sizes=\"(max-width: 1694px) 100vw, 1694px\" \/>\t\t\t\t\t\t\t\t<\/a>\n\t\t\t\t\t\t\t\t\t\t\t\t\t\t\t<\/div>\n\t\t\t\t<\/div>\n\t\t\t\t\t<\/div>\n\t\t<\/div>\n\t\t\t\t\t<\/div>\n\t\t<\/section>\n\t\t\t\t<section class=\"elementor-section elementor-top-section elementor-element elementor-element-3e7b75f elementor-section-boxed elementor-section-height-default elementor-section-height-default\" data-id=\"3e7b75f\" data-element_type=\"section\" data-e-type=\"section\">\n\t\t\t\t\t\t<div class=\"elementor-container elementor-column-gap-default\">\n\t\t\t\t\t<div class=\"elementor-column elementor-col-100 elementor-top-column elementor-element elementor-element-8be57a5\" data-id=\"8be57a5\" data-element_type=\"column\" data-e-type=\"column\">\n\t\t\t<div class=\"elementor-widget-wrap elementor-element-populated\">\n\t\t\t\t\t\t<div class=\"elementor-element elementor-element-49f2079 elementor-widget elementor-widget-text-editor\" data-id=\"49f2079\" data-element_type=\"widget\" data-e-type=\"widget\" data-widget_type=\"text-editor.default\">\n\t\t\t\t<div class=\"elementor-widget-container\">\n\t\t\t\t\t\t\t\t\t<p><a href=\"https:\/\/eclipse-project.fr\/wp-content\/uploads\/2023\/10\/Dossier-Technique-ECLIPSE-PROJECT-v2.pdf\">T\u00e9l\u00e9charger le dossier technique<\/a><\/p>\t\t\t\t\t\t\t\t<\/div>\n\t\t\t\t<\/div>\n\t\t\t\t\t<\/div>\n\t\t<\/div>\n\t\t\t\t\t<\/div>\n\t\t<\/section>\n\t\t\t\t<section class=\"elementor-section elementor-top-section elementor-element elementor-element-bc30524 elementor-section-boxed elementor-section-height-default elementor-section-height-default\" data-id=\"bc30524\" data-element_type=\"section\" data-e-type=\"section\">\n\t\t\t\t\t\t<div class=\"elementor-container elementor-column-gap-default\">\n\t\t\t\t\t<div class=\"elementor-column elementor-col-100 elementor-top-column elementor-element elementor-element-11c0f1f\" data-id=\"11c0f1f\" data-element_type=\"column\" data-e-type=\"column\">\n\t\t\t<div class=\"elementor-widget-wrap elementor-element-populated\">\n\t\t\t\t\t\t<div class=\"elementor-element elementor-element-cd08a9d elementor-widget elementor-widget-text-editor\" data-id=\"cd08a9d\" data-element_type=\"widget\" data-e-type=\"widget\" data-widget_type=\"text-editor.default\">\n\t\t\t\t<div class=\"elementor-widget-container\">\n\t\t\t\t\t\t\t\t\t<p>Les donn\u00e9es techniques sont donn\u00e9es \u00e0 titre informatives.<br \/>En fonction des contraintes du lieu, celles-ci pourront \u00eatre adapt\u00e9es.<br \/>N&rsquo;h\u00e9sitez pas \u00e0 nous contacter.<\/p>\t\t\t\t\t\t\t\t<\/div>\n\t\t\t\t<\/div>\n\t\t\t\t\t<\/div>\n\t\t<\/div>\n\t\t\t\t\t<\/div>\n\t\t<\/section>\n\t\t\t\t<\/div>\n\t\t","protected":false},"excerpt":{"rendered":"<p>Dossier Technique Mis \u00e0 jour le 17\/10\/2023 T\u00e9l\u00e9charger le dossier technique Les donn\u00e9es techniques sont donn\u00e9es \u00e0 titre informatives.En fonction des contraintes du lieu, celles-ci pourront \u00eatre adapt\u00e9es.N&rsquo;h\u00e9sitez pas \u00e0<\/p>\n<p class=\"more-link\"><a href=\"https:\/\/eclipse-project.fr\/index.php\/elementor-1376\/\" class=\"readmore\">Lire la suite &#8230;<span class=\"screen-reader-text\">Technique<\/span><\/a><\/p>\n","protected":false},"author":1,"featured_media":0,"parent":0,"menu_order":0,"comment_status":"closed","ping_status":"closed","template":"","meta":{"footnotes":""},"class_list":["post-1376","page","type-page","status-publish","hentry"],"_links":{"self":[{"href":"https:\/\/eclipse-project.fr\/index.php\/wp-json\/wp\/v2\/pages\/1376","targetHints":{"allow":["GET"]}}],"collection":[{"href":"https:\/\/eclipse-project.fr\/index.php\/wp-json\/wp\/v2\/pages"}],"about":[{"href":"https:\/\/eclipse-project.fr\/index.php\/wp-json\/wp\/v2\/types\/page"}],"author":[{"embeddable":true,"href":"https:\/\/eclipse-project.fr\/index.php\/wp-json\/wp\/v2\/users\/1"}],"replies":[{"embeddable":true,"href":"https:\/\/eclipse-project.fr\/index.php\/wp-json\/wp\/v2\/comments?post=1376"}],"version-history":[{"count":59,"href":"https:\/\/eclipse-project.fr\/index.php\/wp-json\/wp\/v2\/pages\/1376\/revisions"}],"predecessor-version":[{"id":2139,"href":"https:\/\/eclipse-project.fr\/index.php\/wp-json\/wp\/v2\/pages\/1376\/revisions\/2139"}],"wp:attachment":[{"href":"https:\/\/eclipse-project.fr\/index.php\/wp-json\/wp\/v2\/media?parent=1376"}],"curies":[{"name":"wp","href":"https:\/\/api.w.org\/{rel}","templated":true}]}}